{"id":1146,"date":"2025-11-19T21:07:25","date_gmt":"2025-11-19T21:07:25","guid":{"rendered":"https:\/\/quintaldagiffa.com.br\/?page_id=1146"},"modified":"2026-02-16T21:33:01","modified_gmt":"2026-02-16T21:33:01","slug":"home_oficial_feriado","status":"publish","type":"page","link":"https:\/\/quintaldagiffa.com.br\/index.php\/home_oficial_feriado\/","title":{"rendered":"home_oficial_feriado"},"content":{"rendered":"\t\t<div data-elementor-type=\"wp-page\" data-elementor-id=\"1146\" class=\"elementor elementor-1146\">\n\t\t\t\t\t\t<section class=\"elementor-section elementor-top-section elementor-element elementor-element-4050569 elementor-section-boxed elementor-section-height-default elementor-section-height-default\" data-id=\"4050569\" data-element_type=\"section\">\n\t\t\t\t\t\t<div class=\"elementor-container elementor-column-gap-default\">\n\t\t\t\t\t<div class=\"elementor-column elementor-col-100 elementor-top-column elementor-element elementor-element-132ebf8\" data-id=\"132ebf8\" data-element_type=\"column\">\n\t\t\t<div class=\"elementor-widget-wrap elementor-element-populated\">\n\t\t\t\t\t\t<div class=\"elementor-element elementor-element-4cbb098 elementor-widget elementor-widget-image\" data-id=\"4cbb098\" data-element_type=\"widget\" data-widget_type=\"image.default\">\n\t\t\t\t<div class=\"elementor-widget-container\">\n\t\t\t\t\t\t\t\t\t\t\t\t\t\t\t<img decoding=\"async\" src=\"https:\/\/quintaldagiffa.com.br\/wp-content\/uploads\/2022\/05\/home_title.png\" title=\"home_title\" alt=\"home_title\" loading=\"lazy\" \/>\t\t\t\t\t\t\t\t\t\t\t\t\t\t\t<\/div>\n\t\t\t\t<\/div>\n\t\t\t\t<div class=\"elementor-element elementor-element-17aec2d elementor-widget elementor-widget-text-editor\" data-id=\"17aec2d\" data-element_type=\"widget\" data-widget_type=\"text-editor.default\">\n\t\t\t\t<div class=\"elementor-widget-container\">\n\t\t\t\t\t\t\t\t\t<p>Rua Trenton, 106<br \/>Parque do Col\u00e9gio \u2022\u00a0Jundia\u00ed<br \/><span style=\"color: #008000;\">Reservas: (11) 94487-4025<\/span><\/p>\t\t\t\t\t\t\t\t<\/div>\n\t\t\t\t<\/div>\n\t\t\t\t\t<\/div>\n\t\t<\/div>\n\t\t\t\t\t<\/div>\n\t\t<\/section>\n\t\t\t\t<section class=\"elementor-section elementor-top-section elementor-element elementor-element-385d759 elementor-section-height-min-height elementor-section-boxed elementor-section-height-default elementor-section-items-middle\" data-id=\"385d759\" data-element_type=\"section\">\n\t\t\t\t\t\t<div class=\"elementor-container elementor-column-gap-default\">\n\t\t\t\t\t<div class=\"elementor-column elementor-col-50 elementor-top-column elementor-element elementor-element-41654b3\" data-id=\"41654b3\" data-element_type=\"column\" data-settings=\"{&quot;background_background&quot;:&quot;classic&quot;}\">\n\t\t\t<div class=\"elementor-widget-wrap elementor-element-populated\">\n\t\t\t\t\t\t<div class=\"elementor-element elementor-element-0c38561 elementor-arrows-position-inside elementor-pagination-position-outside elementor-widget elementor-widget-image-carousel\" data-id=\"0c38561\" data-element_type=\"widget\" data-settings=\"{&quot;slides_to_show&quot;:&quot;1&quot;,&quot;autoplay_speed&quot;:3000,&quot;navigation&quot;:&quot;both&quot;,&quot;autoplay&quot;:&quot;yes&quot;,&quot;pause_on_hover&quot;:&quot;yes&quot;,&quot;pause_on_interaction&quot;:&quot;yes&quot;,&quot;infinite&quot;:&quot;yes&quot;,&quot;effect&quot;:&quot;slide&quot;,&quot;speed&quot;:500}\" data-widget_type=\"image-carousel.default\">\n\t\t\t\t<div class=\"elementor-widget-container\">\n\t\t\t\t\t\t\t<div class=\"elementor-image-carousel-wrapper swiper\" role=\"region\" aria-roledescription=\"carousel\" aria-label=\"Carrossel de imagens\" dir=\"ltr\">\n\t\t\t<div class=\"elementor-image-carousel swiper-wrapper\" aria-live=\"off\">\n\t\t\t\t\t\t\t\t<div class=\"swiper-slide\" role=\"group\" aria-roledescription=\"slide\" aria-label=\"1 de 8\"><figure class=\"swiper-slide-inner\"><img decoding=\"async\" class=\"swiper-slide-image\" src=\"https:\/\/quintaldagiffa.com.br\/wp-content\/uploads\/2024\/06\/240510_maes_01-768x768.png\" alt=\"Restaurante Quintal da Giffa\" \/><\/figure><\/div><div class=\"swiper-slide\" role=\"group\" aria-roledescription=\"slide\" aria-label=\"2 de 8\"><figure class=\"swiper-slide-inner\"><img decoding=\"async\" class=\"swiper-slide-image\" src=\"https:\/\/quintaldagiffa.com.br\/wp-content\/uploads\/2025\/09\/smaragd-768x768.png\" alt=\"smaragd\" \/><\/figure><\/div><div class=\"swiper-slide\" role=\"group\" aria-roledescription=\"slide\" aria-label=\"3 de 8\"><figure class=\"swiper-slide-inner\"><img decoding=\"async\" class=\"swiper-slide-image\" src=\"https:\/\/quintaldagiffa.com.br\/wp-content\/uploads\/2022\/09\/252992054_2932583323660938_8997031633931722226_n-768x768.jpg\" alt=\"Chope Artesanal\" \/><\/figure><\/div><div class=\"swiper-slide\" role=\"group\" aria-roledescription=\"slide\" aria-label=\"4 de 8\"><figure class=\"swiper-slide-inner\"><img decoding=\"async\" class=\"swiper-slide-image\" src=\"https:\/\/quintaldagiffa.com.br\/wp-content\/uploads\/2025\/09\/quintal-768x768.png\" alt=\"quintal\" \/><\/figure><\/div><div class=\"swiper-slide\" role=\"group\" aria-roledescription=\"slide\" aria-label=\"5 de 8\"><figure class=\"swiper-slide-inner\"><img decoding=\"async\" class=\"swiper-slide-image\" src=\"https:\/\/quintaldagiffa.com.br\/wp-content\/uploads\/2025\/09\/rw_prato-768x768.png\" alt=\"rw_prato\" \/><\/figure><\/div><div class=\"swiper-slide\" role=\"group\" aria-roledescription=\"slide\" aria-label=\"6 de 8\"><figure class=\"swiper-slide-inner\"><img decoding=\"async\" class=\"swiper-slide-image\" src=\"https:\/\/quintaldagiffa.com.br\/wp-content\/uploads\/2022\/09\/quintal_220824_externa_p2-768x768.png\" alt=\"Diversos estilos de chope\" \/><\/figure><\/div><div class=\"swiper-slide\" role=\"group\" aria-roledescription=\"slide\" aria-label=\"7 de 8\"><figure class=\"swiper-slide-inner\"><img decoding=\"async\" class=\"swiper-slide-image\" src=\"https:\/\/quintaldagiffa.com.br\/wp-content\/uploads\/2025\/09\/belisquete-768x768.png\" alt=\"belisquete\" \/><\/figure><\/div><div class=\"swiper-slide\" role=\"group\" aria-roledescription=\"slide\" aria-label=\"8 de 8\"><figure class=\"swiper-slide-inner\"><img decoding=\"async\" class=\"swiper-slide-image\" src=\"https:\/\/quintaldagiffa.com.br\/wp-content\/uploads\/2025\/09\/drink-768x768.png\" alt=\"drink\" \/><\/figure><\/div>\t\t\t<\/div>\n\t\t\t\t\t\t\t\t\t\t\t\t<div class=\"elementor-swiper-button elementor-swiper-button-prev\" role=\"button\" tabindex=\"0\">\n\t\t\t\t\t\t<i aria-hidden=\"true\" class=\"eicon-chevron-left\"><\/i>\t\t\t\t\t<\/div>\n\t\t\t\t\t<div class=\"elementor-swiper-button elementor-swiper-button-next\" role=\"button\" tabindex=\"0\">\n\t\t\t\t\t\t<i aria-hidden=\"true\" class=\"eicon-chevron-right\"><\/i>\t\t\t\t\t<\/div>\n\t\t\t\t\n\t\t\t\t\t\t\t\t\t<div class=\"swiper-pagination\"><\/div>\n\t\t\t\t\t\t\t\t\t<\/div>\n\t\t\t\t\t\t<\/div>\n\t\t\t\t<\/div>\n\t\t\t\t\t<\/div>\n\t\t<\/div>\n\t\t\t\t<div class=\"elementor-column elementor-col-50 elementor-top-column elementor-element elementor-element-e40ae35\" data-id=\"e40ae35\" data-element_type=\"column\">\n\t\t\t<div class=\"elementor-widget-wrap elementor-element-populated\">\n\t\t\t\t\t\t<div class=\"elementor-element elementor-element-dce9e2f elementor-widget elementor-widget-text-editor\" data-id=\"dce9e2f\" data-element_type=\"widget\" data-widget_type=\"text-editor.default\">\n\t\t\t\t<div class=\"elementor-widget-container\">\n\t\t\t\t\t\t\t\t\t<p><strong style=\"color: #008000;\">Dom 15\/02: <\/strong><span style=\"color: #008000;\">12h \u00e0s 16h<\/span><\/p><p><span style=\"color: #ff9900;\"><strong>Seg 16\/02: <\/strong>16h \u00e0s 23h<br \/><b><br \/>Ter 17\/02: <\/b>12h \u00e0s 23h<br \/>(sem intervalo)<b><\/b><\/span><\/p><p><span style=\"color: #ff9900;\"><strong>Qua 18\/02: <\/strong><\/span><span style=\"color: #008000;\"><span style=\"color: #ff9900;\">Fechado<br \/><\/span><br \/><\/span><span style=\"color: #008000;\"><b>Qui 19\/02: <\/b>18h \u00e0s 23h<br \/><\/span><strong style=\"color: #008000;\"><br \/>Sex 20\/02: <\/strong><span style=\"color: #008000;\">16h \u00e0s 23h30<br \/><br \/><strong style=\"color: #008000;\">S\u00e1b 21\/02: <\/strong>12h \u00e0s 23h30<br \/><br \/><strong style=\"color: #008000;\">Dom 22\/02: <\/strong>12h \u00e0s 16h<br \/><\/span><\/p>\t\t\t\t\t\t\t\t<\/div>\n\t\t\t\t<\/div>\n\t\t\t\t\t<\/div>\n\t\t<\/div>\n\t\t\t\t\t<\/div>\n\t\t<\/section>\n\t\t\t\t<section class=\"elementor-section elementor-top-section elementor-element elementor-element-426b521 elementor-section-height-min-height elementor-section-boxed elementor-section-height-default elementor-section-items-middle\" data-id=\"426b521\" data-element_type=\"section\">\n\t\t\t\t\t\t<div class=\"elementor-container elementor-column-gap-default\">\n\t\t\t\t\t<div class=\"elementor-column elementor-col-100 elementor-top-column elementor-element elementor-element-b04589d\" data-id=\"b04589d\" data-element_type=\"column\">\n\t\t\t<div class=\"elementor-widget-wrap elementor-element-populated\">\n\t\t\t\t\t\t<div class=\"elementor-element elementor-element-4285520 elementor-align-justify elementor-mobile-align-justify elementor-widget elementor-widget-button\" data-id=\"4285520\" data-element_type=\"widget\" data-widget_type=\"button.default\">\n\t\t\t\t<div class=\"elementor-widget-container\">\n\t\t\t\t\t\t\t\t\t<div class=\"elementor-button-wrapper\">\n\t\t\t\t\t<a class=\"elementor-button elementor-button-link elementor-size-md\" href=\"https:\/\/cardapio.quintaldagiffa.com.br\" target=\"_blank\">\n\t\t\t\t\t\t<span class=\"elementor-button-content-wrapper\">\n\t\t\t\t\t\t\t\t\t<span class=\"elementor-button-text\">Card\u00e1pio online<\/span>\n\t\t\t\t\t<\/span>\n\t\t\t\t\t<\/a>\n\t\t\t\t<\/div>\n\t\t\t\t\t\t\t\t<\/div>\n\t\t\t\t<\/div>\n\t\t\t\t\t<\/div>\n\t\t<\/div>\n\t\t\t\t\t<\/div>\n\t\t<\/section>\n\t\t\t\t<section class=\"elementor-section elementor-top-section elementor-element elementor-element-6e98d9b elementor-section-height-min-height elementor-section-boxed elementor-section-height-default elementor-section-items-middle\" data-id=\"6e98d9b\" data-element_type=\"section\">\n\t\t\t\t\t\t<div class=\"elementor-container elementor-column-gap-default\">\n\t\t\t\t\t<div class=\"elementor-column elementor-col-50 elementor-top-column elementor-element elementor-element-c238cc8\" data-id=\"c238cc8\" data-element_type=\"column\" data-settings=\"{&quot;background_background&quot;:&quot;classic&quot;}\">\n\t\t\t<div class=\"elementor-widget-wrap elementor-element-populated\">\n\t\t\t\t\t\t<div class=\"elementor-element elementor-element-8e6ed64 elementor-widget elementor-widget-text-editor\" data-id=\"8e6ed64\" data-element_type=\"widget\" data-widget_type=\"text-editor.default\">\n\t\t\t\t<div class=\"elementor-widget-container\">\n\t\t\t\t\t\t\t\t\t<p style=\"text-align: center;\"><span style=\"color: #008000;\"><strong>Temos espa\u00e7o Kids e\u00a0<br \/>ambientes internos e externos.\u00a0<\/strong><\/span><\/p>\t\t\t\t\t\t\t\t<\/div>\n\t\t\t\t<\/div>\n\t\t\t\t\t<\/div>\n\t\t<\/div>\n\t\t\t\t<div class=\"elementor-column elementor-col-50 elementor-top-column elementor-element elementor-element-59c6462\" data-id=\"59c6462\" data-element_type=\"column\">\n\t\t\t<div class=\"elementor-widget-wrap elementor-element-populated\">\n\t\t\t\t\t\t<div class=\"elementor-element elementor-element-0d2bf7b elementor-widget elementor-widget-text-editor\" data-id=\"0d2bf7b\" data-element_type=\"widget\" data-widget_type=\"text-editor.default\">\n\t\t\t\t<div class=\"elementor-widget-container\">\n\t\t\t\t\t\t\t\t\t<p><strong><span style=\"color: #008000;\">Hor\u00e1rio de encerramento dos servi\u00e7os:<\/span><\/strong><br><strong>Cozinha (30 min) antes do<br>hor\u00e1rio de fechamento.<br><\/strong>Contamos com sua compreens\u00e3o. \ud83d\ude42<\/p>\t\t\t\t\t\t\t\t<\/div>\n\t\t\t\t<\/div>\n\t\t\t\t\t<\/div>\n\t\t<\/div>\n\t\t\t\t\t<\/div>\n\t\t<\/section>\n\t\t\t\t<\/div>\n\t\t","protected":false},"excerpt":{"rendered":"<p>Rua Trenton, 106Parque do Col\u00e9gio \u2022\u00a0Jundia\u00edReservas: (11) 94487-4025 Dom 15\/02: 12h \u00e0s 16h Seg 16\/02: 16h \u00e0s 23hTer 17\/02: 12h \u00e0s 23h(sem intervalo) Qua 18\/02: Fechado Qui 19\/02: 18h \u00e0s 23hSex 20\/02: 16h \u00e0s 23h30 S\u00e1b 21\/02: 12h \u00e0s 23h30 Dom 22\/02: 12h \u00e0s 16h Card\u00e1pio online Temos espa\u00e7o Kids e\u00a0ambientes internos e externos.\u00a0 Hor\u00e1rio [&hellip;]<\/p>\n","protected":false},"author":1,"featured_media":0,"parent":0,"menu_order":0,"comment_status":"closed","ping_status":"closed","template":"elementor_canvas","meta":{"footnotes":""},"class_list":["post-1146","page","type-page","status-publish","hentry"],"_links":{"self":[{"href":"https:\/\/quintaldagiffa.com.br\/index.php\/wp-json\/wp\/v2\/pages\/1146","targetHints":{"allow":["GET"]}}],"collection":[{"href":"https:\/\/quintaldagiffa.com.br\/index.php\/wp-json\/wp\/v2\/pages"}],"about":[{"href":"https:\/\/quintaldagiffa.com.br\/index.php\/wp-json\/wp\/v2\/types\/page"}],"author":[{"embeddable":true,"href":"https:\/\/quintaldagiffa.com.br\/index.php\/wp-json\/wp\/v2\/users\/1"}],"replies":[{"embeddable":true,"href":"https:\/\/quintaldagiffa.com.br\/index.php\/wp-json\/wp\/v2\/comments?post=1146"}],"version-history":[{"count":19,"href":"https:\/\/quintaldagiffa.com.br\/index.php\/wp-json\/wp\/v2\/pages\/1146\/revisions"}],"predecessor-version":[{"id":1189,"href":"https:\/\/quintaldagiffa.com.br\/index.php\/wp-json\/wp\/v2\/pages\/1146\/revisions\/1189"}],"wp:attachment":[{"href":"https:\/\/quintaldagiffa.com.br\/index.php\/wp-json\/wp\/v2\/media?parent=1146"}],"curies":[{"name":"wp","href":"https:\/\/api.w.org\/{rel}","templated":true}]}}